{"id":2060,"date":"2021-06-08T11:50:29","date_gmt":"2021-06-08T11:50:29","guid":{"rendered":"https:\/\/artfromprison.online\/?page_id=2060"},"modified":"2024-06-20T10:15:26","modified_gmt":"2024-06-20T10:15:26","slug":"home","status":"publish","type":"page","link":"https:\/\/artfromprison.online\/","title":{"rendered":"Home"},"content":{"rendered":"\t\t<div data-elementor-type=\"wp-page\" data-elementor-id=\"2060\" class=\"elementor elementor-2060\">\n\t\t\t\t\t\t<section class=\"elementor-section elementor-top-section elementor-element elementor-element-b257e7c elementor-section-full_width elementor-section-height-default elementor-section-height-default\" data-id=\"b257e7c\" data-element_type=\"section\" data-e-type=\"section\">\n\t\t\t\t\t\t<div class=\"elementor-container elementor-column-gap-no\">\n\t\t\t\t\t<div class=\"elementor-column elementor-col-100 elementor-top-column elementor-element elementor-element-1c62fd8\" data-id=\"1c62fd8\" data-element_type=\"column\" data-e-type=\"column\">\n\t\t\t<div class=\"elementor-widget-wrap\">\n\t\t\t\t\t\t\t<\/div>\n\t\t<\/div>\n\t\t\t\t\t<\/div>\n\t\t<\/section>\n\t\t\t\t<section class=\"elementor-section elementor-top-section elementor-element elementor-element-be901a6 elementor-section-boxed elementor-section-height-default elementor-section-height-default\" data-id=\"be901a6\" data-element_type=\"section\" data-e-type=\"section\" id=\"about\" data-settings=\"{&quot;background_background&quot;:&quot;classic&quot;}\">\n\t\t\t\t\t\t<div class=\"elementor-container elementor-column-gap-default\">\n\t\t\t\t\t<div class=\"elementor-column elementor-col-50 elementor-top-column elementor-element elementor-element-b994902\" data-id=\"b994902\" data-element_type=\"column\" data-e-type=\"column\" data-settings=\"{&quot;background_background&quot;:&quot;classic&quot;}\">\n\t\t\t<div class=\"elementor-widget-wrap elementor-element-populated\">\n\t\t\t\t\t\t<div class=\"elementor-element elementor-element-86177e6 elementor-widget elementor-widget-spacer\" data-id=\"86177e6\" data-element_type=\"widget\" data-e-type=\"widget\" data-widget_type=\"spacer.default\">\n\t\t\t\t<div class=\"elementor-widget-container\">\n\t\t\t\t\t\t\t<div class=\"elementor-spacer\">\n\t\t\t<div class=\"elementor-spacer-inner\"><\/div>\n\t\t<\/div>\n\t\t\t\t\t\t<\/div>\n\t\t\t\t<\/div>\n\t\t\t\t\t<\/div>\n\t\t<\/div>\n\t\t\t\t<div class=\"elementor-column elementor-col-50 elementor-top-column elementor-element elementor-element-bd35657\" data-id=\"bd35657\" data-element_type=\"column\" data-e-type=\"column\" data-settings=\"{&quot;background_background&quot;:&quot;classic&quot;}\">\n\t\t\t<div class=\"elementor-widget-wrap elementor-element-populated\">\n\t\t\t\t\t\t<div class=\"elementor-element elementor-element-1e72a63 elementor-widget elementor-widget-text-editor\" data-id=\"1e72a63\" data-element_type=\"widget\" data-e-type=\"widget\" data-widget_type=\"text-editor.default\">\n\t\t\t\t<div class=\"elementor-widget-container\">\n\t\t\t\t\t\t\t\t\t<p>&#8220;ART NGA BURGU&#8221; ka p\u00ebr q\u00ebllim mb\u00ebshtetjen e grave t\u00eb burgosura p\u00ebr krijimin e veprave artistike dhe shitjen e tyre p\u00ebrmes platform\u00ebs &#8220;Art from Prison&#8221; dhe ekspozitave\/ankandeve p\u00ebr t\u00eb krijuar nj\u00eb baz\u00eb financiare q\u00eb ato do t\u00eb mund ta p\u00ebrdorin n\u00eb periudh\u00ebn pas lirimit. Kjo me q\u00ebllim t\u00eb uljes s\u00eb shkall\u00ebs s\u00eb recidivizmit dhe ofrimin e ndihm\u00ebs p\u00ebr grat\u00eb e burgosura p\u00ebrmes terapis\u00eb artit.<\/p><p>Projekti ART NGA BURGU \u00ebsht\u00eb m\u00eb shum\u00eb se nj\u00eb nism\u00eb q\u00eb gjeneron t\u00eb ardhura. \u00cbsht\u00eb nj\u00eb program gjith\u00ebp\u00ebrfshir\u00ebs q\u00eb promovon rritjen personale, sh\u00ebndetin mendor, riintegrimin shoq\u00ebror dhe fuqizimin afatgjat\u00eb p\u00ebr grat\u00eb e burgosura. Projekti fuqizon grat\u00eb e burgosura duke u ofruar atyre nj\u00eb platform\u00eb p\u00ebr t\u00eb zhvilluar dhe shfaqur aft\u00ebsit\u00eb e tyre artistike. Kjo mund t\u00eb jet\u00eb nj\u00eb nxitje e r\u00ebnd\u00ebsishme p\u00ebr vet\u00ebvler\u00ebsimin dhe besimin e tyre. Duke siguruar t\u00eb ardhura, projekti i ndihmon k\u00ebto gra t\u00eb arrijn\u00eb nj\u00eb nivel pavar\u00ebsie financiare, i cili mund t\u00eb jet\u00eb vendimtar p\u00ebr riintegrimin e tyre n\u00eb shoq\u00ebri pas lirimit.<\/p><p>Angazhimi n\u00eb art ka p\u00ebrfitime terapeutike. Mund t\u00eb sh\u00ebrbej\u00eb si nj\u00eb form\u00eb \u00e7lirimi emocional, duke i ndihmuar grat\u00eb t\u00eb p\u00ebrballen me stresin dhe traum\u00ebn e p\u00ebrvojave t\u00eb tyre. Terapia e artit dihet se p\u00ebrmir\u00ebson sh\u00ebndetin dhe mir\u00ebqenien mendore. Shfaqja e artit t\u00eb krijuar nga k\u00ebto gra mund t\u00eb rris\u00eb nd\u00ebrgjegj\u00ebsimin p\u00ebr kushtet dhe sfidat me t\u00eb cilat p\u00ebrballen grat\u00eb e burgosura. Mund t&#8217;i humanizoj\u00eb ato n\u00eb syt\u00eb e publikut dhe t\u00eb gjeneroj\u00eb mb\u00ebshtetje p\u00ebr reform\u00ebn e burgjeve dhe programet e rehabilitimit.<\/p>\t\t\t\t\t\t\t\t<\/div>\n\t\t\t\t<\/div>\n\t\t\t\t\t<\/div>\n\t\t<\/div>\n\t\t\t\t\t<\/div>\n\t\t<\/section>\n\t\t\t\t<section class=\"elementor-section elementor-top-section elementor-element elementor-element-921b349 elementor-section-full_width elementor-section-height-default elementor-section-height-default\" data-id=\"921b349\" data-element_type=\"section\" data-e-type=\"section\" id=\"gallery\">\n\t\t\t\t\t\t<div class=\"elementor-container elementor-column-gap-no\">\n\t\t\t\t\t<div class=\"elementor-column elementor-col-100 elementor-top-column elementor-element elementor-element-753380a\" data-id=\"753380a\" data-element_type=\"column\" data-e-type=\"column\">\n\t\t\t<div class=\"elementor-widget-wrap\">\n\t\t\t\t\t\t\t<\/div>\n\t\t<\/div>\n\t\t\t\t\t<\/div>\n\t\t<\/section>\n\t\t\t\t<\/div>\n\t\t","protected":false},"excerpt":{"rendered":"<p>Art from Prison Art nga Burgu &#8220;ART NGA BURGU&#8221; ka p\u00ebr q\u00ebllim mb\u00ebshtetjen e grave t\u00eb burgosura p\u00ebr krijimin e veprave artistike dhe shitjen e tyre p\u00ebrmes platform\u00ebs &#8220;Art from Prison&#8221; dhe ekspozitave\/ankandeve p\u00ebr t\u00eb krijuar nj\u00eb baz\u00eb financiare q\u00eb ato do t\u00eb mund ta p\u00ebrdorin n\u00eb periudh\u00ebn pas lirimit. Kjo me q\u00ebllim t\u00eb uljes [&hellip;]<\/p>\n","protected":false},"author":1,"featured_media":0,"parent":0,"menu_order":0,"comment_status":"closed","ping_status":"closed","template":"template-landing.php","meta":{"_acf_changed":false,"footnotes":""},"class_list":["post-2060","page","type-page","status-publish","hentry"],"acf":[],"_links":{"self":[{"href":"https:\/\/artfromprison.online\/index.php?rest_route=\/wp\/v2\/pages\/2060","targetHints":{"allow":["GET"]}}],"collection":[{"href":"https:\/\/artfromprison.online\/index.php?rest_route=\/wp\/v2\/pages"}],"about":[{"href":"https:\/\/artfromprison.online\/index.php?rest_route=\/wp\/v2\/types\/page"}],"author":[{"embeddable":true,"href":"https:\/\/artfromprison.online\/index.php?rest_route=\/wp\/v2\/users\/1"}],"replies":[{"embeddable":true,"href":"https:\/\/artfromprison.online\/index.php?rest_route=%2Fwp%2Fv2%2Fcomments&post=2060"}],"version-history":[{"count":34,"href":"https:\/\/artfromprison.online\/index.php?rest_route=\/wp\/v2\/pages\/2060\/revisions"}],"predecessor-version":[{"id":3493,"href":"https:\/\/artfromprison.online\/index.php?rest_route=\/wp\/v2\/pages\/2060\/revisions\/3493"}],"wp:attachment":[{"href":"https:\/\/artfromprison.online\/index.php?rest_route=%2Fwp%2Fv2%2Fmedia&parent=2060"}],"curies":[{"name":"wp","href":"https:\/\/api.w.org\/{rel}","templated":true}]}}